{"id":1399,"date":"2022-03-18T07:07:42","date_gmt":"2022-03-18T07:07:42","guid":{"rendered":"https:\/\/speculumartium.si\/wp21\/?page_id=1399"},"modified":"2022-11-17T08:10:30","modified_gmt":"2022-11-17T08:10:30","slug":"speculum-artium-2022","status":"publish","type":"page","link":"https:\/\/speculumartium.si\/wp21\/speculum-artium-2022\/","title":{"rendered":"Speculum Artium 2022"},"content":{"rendered":"\n<div style=\"height:72px\" aria-hidden=\"true\" class=\"wp-block-spacer\"><\/div>\n\n\n\n<h1 class=\"has-text-align-center wp-block-heading\" style=\"font-size:clamp(38.682px, 2.418rem + ((1vw - 3.2px) * 3.786), 72px);\">Speculum Artium 2022<\/h1>\n\n\n\n<div style=\"height:30px\" aria-hidden=\"true\" class=\"wp-block-spacer\"><\/div>\n\n\n\n<h2 class=\"has-text-align-center wp-block-heading\" style=\"font-size:clamp(30.693px, 1.918rem + ((1vw - 3.2px) * 2.649), 54px);\">22.\u201324. september<\/h2>\n\n\n\n<div style=\"height:36px\" aria-hidden=\"true\" class=\"wp-block-spacer\"><\/div>\n\n\n\n<div class=\"wp-block-group has-global-padding is-layout-constrained wp-block-group-is-layout-constrained\">\n<h2 class=\"has-text-align-center wp-block-heading\" id=\"live\">O festivalu<\/h2>\n\n\n\n<div class=\"wp-block-columns is-layout-flex wp-container-core-columns-is-layout-28f84493 wp-block-columns-is-layout-flex\">\n<div class=\"wp-block-column is-layout-flow wp-block-column-is-layout-flow\" style=\"flex-basis:15%\"><\/div>\n\n\n\n<div class=\"wp-block-column is-layout-flow wp-block-column-is-layout-flow\" style=\"flex-basis:70%\">\n<p>\u0160tirinajsti festival novomedijske kulture Speculum Artium tudi v letu 2022 vsebinsko prepleta spoznanja preteklosti, dogajanja v sedanjosti in vizijo daljne prihodnosti. Ve\u010dina festivalskih postavitev se s pomo\u010djo tehnolo\u0161kega eksperimentiranja vra\u010da k naravi in naravnim procesom razmi\u0161ljanja ter se osredoto\u010da na preproste vsakdanje procese \u017eivljenja. Program festivala oblikujejo interaktivni projekti slovenskih in tujih avtorjev, ki se v svojem bistvu vsebinsko pribli\u017eajo razmi\u0161ljanju malega \u010dloveka. Vsak projekt je zgodba zase in vsak projekt je del celote, ki jo zaokro\u017eujejo prepletanja umetnosti \u2013 tehnologije in znanosti \u2013 gospodarstva \u2013 turizma.<br>Razmah spletnih ter digitalnih vsebin, v vseh sektorjih in na vseh podro\u010djih delovanja, sta v zadnjih nekaj letih povezala tako civilno dru\u017ebo kot akademski svet, javni sektor in gospodarstvo. Festival Speculum Artium odra\u017ea tudi te spremembe ter povezave in jih sku\u0161a vplesti v vizijo delovanja Delavskega doma Trbovlje.<br>Trbovlje svojo novomedijsko vizijo tlakujejo \u017ee dalj \u010dasa. Delovanje zavoda skozi celo leto nadgrajuje vsebine festivala Speculum Artium, ki predstavlja vrhunec tovrstnega dogajanja v mestu. Njegovo podobo s sodelovanjem in aktivnim vklju\u010devanjem snuje tudi lokalna skupnost. Vrednote festivala postopoma postajajo vse bolj tudi vrednote mesta.<br>Samostojni sklop predstavlja, letos \u017ee dvanajsti, mednarodni festival video umetnosti DigitalBigScreen, ki poleg videov, izbranih na javnem nate\u010daju, prina\u0161a tudi umetni\u0161ka dela v virtualnem svetu.<br>Velik del festivalskega dogajanja prispeva spremljevalni program, ki vklju\u010duje predavanja, performativne predstavitve, delavnice za otroke in mladino, pogovore ter vodstva po razstavnem delu.<\/p>\n<\/div>\n\n\n\n<div class=\"wp-block-column is-layout-flow wp-block-column-is-layout-flow\" style=\"flex-basis:15%\"><\/div>\n<\/div>\n<\/div>\n\n\n\n<div class=\"wp-block-group has-global-padding is-layout-constrained wp-block-group-is-layout-constrained\">\n<h2 class=\"has-text-align-center wp-block-heading\">Vabljeni umetniki<\/h2>\n\n\n\n<div style=\"height:15px\" aria-hidden=\"true\" class=\"wp-block-spacer\"><\/div>\n\n\n\n<div class=\"wp-block-columns is-layout-flex wp-container-core-columns-is-layout-28f84493 wp-block-columns-is-layout-flex\">\n<div class=\"wp-block-column is-layout-flow wp-block-column-is-layout-flow\" style=\"flex-basis:15%\"><\/div>\n\n\n\n<div class=\"wp-block-column is-layout-flow wp-block-column-is-layout-flow\" style=\"flex-basis:70%\"><\/div>\n\n\n\n<div class=\"wp-block-column is-layout-flow wp-block-column-is-layout-flow\" style=\"flex-basis:15%\"><\/div>\n<\/div>\n\n\n\n<div style=\"color:#ddd\" class=\"wp-block-genesis-blocks-gb-spacer gb-block-spacer gb-divider-solid gb-divider-size-1\"><hr style=\"height:30px\"\/><\/div>\n\n\n\n<h2 class=\"has-text-align-center wp-block-heading\" id=\"projekti\">\u0160tudentski projekti<\/h2>\n\n\n\n<div class=\"wp-block-columns is-layout-flex wp-container-core-columns-is-layout-28f84493 wp-block-columns-is-layout-flex\">\n<div class=\"wp-block-column is-layout-flow wp-block-column-is-layout-flow\" style=\"flex-basis:15%\"><\/div>\n\n\n\n<div class=\"wp-block-column is-layout-flow wp-block-column-is-layout-flow\" style=\"flex-basis:70%\"><\/div>\n\n\n\n<div class=\"wp-block-column is-layout-flow wp-block-column-is-layout-flow\" style=\"flex-basis:15%\"><\/div>\n<\/div>\n\n\n\n<h2 class=\"has-text-align-center wp-block-heading\" id=\"spremljevalni\">Spremljevalni dogodki<\/h2>\n\n\n\n<div class=\"wp-block-columns is-layout-flex wp-container-core-columns-is-layout-28f84493 wp-block-columns-is-layout-flex\">\n<div class=\"wp-block-column is-layout-flow wp-block-column-is-layout-flow\" style=\"flex-basis:15%\"><\/div>\n\n\n\n<div class=\"wp-block-column is-layout-flow wp-block-column-is-layout-flow\" style=\"flex-basis:70%\"><\/div>\n\n\n\n<div class=\"wp-block-column is-layout-flow wp-block-column-is-layout-flow\" style=\"flex-basis:15%\"><\/div>\n<\/div>\n<\/div>\n\n\n\n<p><\/p>\n\n\n\n<div class=\"wp-block-group has-global-padding is-layout-constrained wp-block-group-is-layout-constrained\">\n<h2 class=\"has-text-align-center wp-block-heading\">Program<\/h2>\n\n\n\n<div class=\"wp-block-columns is-layout-flex wp-container-core-columns-is-layout-28f84493 wp-block-columns-is-layout-flex\">\n<div class=\"wp-block-column is-layout-flow wp-block-column-is-layout-flow\" style=\"flex-basis:15%\"><\/div>\n\n\n\n<div class=\"wp-block-column is-layout-flow wp-block-column-is-layout-flow\">\n<p><\/p>\n<p><strong>\u010detrtek, 22. september<\/strong><br>9.00-20.00 razstave<br>9.00-20.00 <a href=\"https:\/\/speculumartium.si\/wp21\/paviljon-medena-zgodba\/\" target=\"_blank\" rel=\"noopener\">paviljon Medena zgodba<\/a><br>16.00 demostracijska <a href=\"https:\/\/speculumartium.si\/wp21\/delavnica-z-droni\/\" target=\"_blank\" rel=\"noopener\">delavnica z droni<\/a> (prijave niso potrebne)<br>19.00 odprtje festivala<\/p>\n<p><strong>petek, 23. september<\/strong><br>9.00-20.00 razstave<br>9.00-20.00 <a href=\"https:\/\/speculumartium.si\/wp21\/paviljon-medena-zgodba\/\" target=\"_blank\" rel=\"noopener\">paviljon Medena zgodba<\/a><br>18.00 <a href=\"https:\/\/digitalbigscreen.si\/wp21\/tebi\/\" target=\"_blank\" rel=\"noopener\">Iztok Kova\u010d: Oder360, plesna predstava v virtualnem okolju<\/a> (potrebne predhodne prijave: bogdan@dd-trbovlje.si)<br>19.00 Miha Godec in Abiral Khadka: <a href=\"https:\/\/speculumartium.si\/wp21\/symphotree\/\" target=\"_blank\" rel=\"noopener\">Symphotree<\/a>, performans <br>20.00 ve\u010der elektronske glasbe Coalstone DJ v kavarni ZM\u0160T<\/p>\n<p><strong>sobota, 24. september<\/strong><br>9.00-18.00 razstave<br>9.00-18.00 <a href=\"https:\/\/speculumartium.si\/wp21\/rajzefiber-predstavitev-nfc-razglednic\/\" target=\"_blank\" rel=\"noopener\">Predstavitev projekta Razglednice Maribor Lost &amp; Found &amp; nove platforme Slovenski turisti\u010dni vodnik<\/a><br>10.00-12.00 <a href=\"https:\/\/speculumartium.si\/wp21\/uporaba-novih-tehnologij-v-turizmu-in-dediscini\/\" target=\"_blank\" rel=\"noopener\">Uporaba novih tehnologij v turizmu in dedi\u0161\u010dini<\/a>, strokovni posvet v sodelovanju s Turisti\u010dno zvezo Slovenije in Rajzefibrom by Hi\u0161a!<br>10.00 <a href=\"https:\/\/speculumartium.si\/wp21\/delavnica-lego-robotike\/\" target=\"_blank\" rel=\"noopener\">delavnica lego robotike<\/a>&nbsp;(prijave niso potrebne)<br>10.00 <a href=\"https:\/\/digitalbigscreen.si\/wp21\/drustvo-slovenskih-animatorjev\/\" target=\"_blank\" rel=\"noopener\">e-pravlji\u010dna urica in projekcija risank Ma\u010dek Muri<\/a><\/p>\n<\/div>\n\n\n\n<div class=\"wp-block-column is-layout-flow wp-block-column-is-layout-flow\" style=\"flex-basis:15%\"><\/div>\n<\/div>\n\n\n\n<div style=\"height:30px\" aria-hidden=\"true\" class=\"wp-block-spacer\"><\/div>\n<\/div>\n","protected":false},"excerpt":{"rendered":"<p>Speculum Artium 2022 22.\u201324. september O festivalu \u0160tirinajsti festival novomedijske kulture Speculum Artium tudi v letu 2022 vsebinsko prepleta spoznanja preteklosti, dogajanja v sedanjosti in vizijo daljne prihodnosti. Ve\u010dina festivalskih postavitev se s pomo\u010djo tehnolo\u0161kega eksperimentiranja vra\u010da k naravi in naravnim procesom razmi\u0161ljanja ter se osredoto\u010da na preproste vsakdanje procese \u017eivljenja. Program festivala oblikujejo interaktivni [&hellip;]<\/p>\n","protected":false},"author":1,"featured_media":0,"parent":0,"menu_order":0,"comment_status":"closed","ping_status":"closed","template":"","meta":{"_coblocks_attr":"","_coblocks_dimensions":"","_coblocks_responsive_height":"","_coblocks_accordion_ie_support":"","avtor_projekta":"","_themeisle_gutenberg_block_has_review":false,"footnotes":""},"class_list":["post-1399","page","type-page","status-publish","hentry"],"_links":{"self":[{"href":"https:\/\/speculumartium.si\/wp21\/wp-json\/wp\/v2\/pages\/1399","targetHints":{"allow":["GET"]}}],"collection":[{"href":"https:\/\/speculumartium.si\/wp21\/wp-json\/wp\/v2\/pages"}],"about":[{"href":"https:\/\/speculumartium.si\/wp21\/wp-json\/wp\/v2\/types\/page"}],"author":[{"embeddable":true,"href":"https:\/\/speculumartium.si\/wp21\/wp-json\/wp\/v2\/users\/1"}],"replies":[{"embeddable":true,"href":"https:\/\/speculumartium.si\/wp21\/wp-json\/wp\/v2\/comments?post=1399"}],"version-history":[{"count":62,"href":"https:\/\/speculumartium.si\/wp21\/wp-json\/wp\/v2\/pages\/1399\/revisions"}],"predecessor-version":[{"id":2510,"href":"https:\/\/speculumartium.si\/wp21\/wp-json\/wp\/v2\/pages\/1399\/revisions\/2510"}],"wp:attachment":[{"href":"https:\/\/speculumartium.si\/wp21\/wp-json\/wp\/v2\/media?parent=1399"}],"curies":[{"name":"wp","href":"https:\/\/api.w.org\/{rel}","templated":true}]}}