{"id":2326,"date":"2022-09-19T07:39:21","date_gmt":"2022-09-19T07:39:21","guid":{"rendered":"https:\/\/speculumartium.si\/wp21\/za-medije-copy\/"},"modified":"2025-09-15T11:00:57","modified_gmt":"2025-09-15T09:00:57","slug":"za-medije","status":"publish","type":"page","link":"https:\/\/speculumartium.si\/wp21\/za-medije\/","title":{"rendered":"Za medije"},"content":{"rendered":"\n<div class=\"wp-block-group has-global-padding is-layout-constrained wp-block-group-is-layout-constrained\">\n<figure class=\"wp-block-gallery has-nested-images columns-default is-cropped wp-block-gallery-1 is-layout-flex wp-block-gallery-is-layout-flex\">\n<figure class=\"wp-block-image size-full has-lightbox\"><a href=\"https:\/\/speculumartium.si\/wp21\/wp-content\/uploads\/2025\/09\/Festival-Speculum-Artium-2025-sporocilo-za-medije.pdf\" target=\"_blank\" rel=\"noreferrer noopener\"><img loading=\"lazy\" decoding=\"async\" width=\"800\" height=\"667\" data-id=\"4937\" src=\"https:\/\/speculumartium.si\/wp21\/wp-content\/uploads\/2025\/09\/thumbnail-sporocilo-za-javnost.png\" alt=\"\" class=\"wp-image-4937\" srcset=\"https:\/\/speculumartium.si\/wp21\/wp-content\/uploads\/2025\/09\/thumbnail-sporocilo-za-javnost.png 800w, https:\/\/speculumartium.si\/wp21\/wp-content\/uploads\/2025\/09\/thumbnail-sporocilo-za-javnost-300x250.png 300w, https:\/\/speculumartium.si\/wp21\/wp-content\/uploads\/2025\/09\/thumbnail-sporocilo-za-javnost-768x640.png 768w\" sizes=\"auto, (max-width: 800px) 100vw, 800px\" \/><\/a><\/figure>\n\n\n\n<figure class=\"wp-block-image size-full has-lightbox\"><a href=\"https:\/\/speculumartium.si\/wp21\/wp-content\/uploads\/2025\/09\/Katalog-SA2025_07_WEB_01.pdf\" target=\"_blank\" rel=\"noreferrer noopener\"><img loading=\"lazy\" decoding=\"async\" width=\"800\" height=\"667\" data-id=\"4935\" src=\"https:\/\/speculumartium.si\/wp21\/wp-content\/uploads\/2025\/09\/thumbnail-katalog-festivala.png\" alt=\"\" class=\"wp-image-4935\" srcset=\"https:\/\/speculumartium.si\/wp21\/wp-content\/uploads\/2025\/09\/thumbnail-katalog-festivala.png 800w, https:\/\/speculumartium.si\/wp21\/wp-content\/uploads\/2025\/09\/thumbnail-katalog-festivala-300x250.png 300w, https:\/\/speculumartium.si\/wp21\/wp-content\/uploads\/2025\/09\/thumbnail-katalog-festivala-768x640.png 768w\" sizes=\"auto, (max-width: 800px) 100vw, 800px\" \/><\/a><\/figure>\n<\/figure>\n\n\n\n<div style=\"height:50px\" aria-hidden=\"true\" class=\"wp-block-spacer\"><\/div>\n\n\n\n<h1 class=\"wp-block-heading\" style=\"font-size:24px\"><strong>Fotografije:<\/strong><\/h1>\n\n\n\n<h4 class=\"wp-block-heading\" style=\"font-size:20px\"><a href=\"https:\/\/speculumartium.si\/wp21\/wp-content\/uploads\/2025\/09\/Fotografije-Speculum-Artium-2025.zip\" target=\"_blank\" rel=\"noreferrer noopener\">Prenesi vse fotografije.<\/a><\/h4>\n\n\n\n<figure class=\"wp-block-gallery has-nested-images columns-3 is-cropped wp-block-gallery-2 is-layout-flex wp-block-gallery-is-layout-flex\">\n<figure data-wp-context=\"{&quot;imageId&quot;:&quot;69f66a8bc417d&quot;}\" data-wp-interactive=\"core\/image\" data-wp-key=\"69f66a8bc417d\" class=\"wp-block-image size-full has-lightbox wp-lightbox-container\"><img loading=\"lazy\" decoding=\"async\" width=\"750\" height=\"500\" data-wp-class--hide=\"state.isContentHidden\" data-wp-class--show=\"state.isContentVisible\" data-wp-init=\"callbacks.setButtonStyles\" data-wp-on--click=\"actions.showLightbox\" data-wp-on--load=\"callbacks.setButtonStyles\" data-wp-on-window--resize=\"callbacks.setButtonStyles\" data-id=\"4944\" src=\"https:\/\/speculumartium.si\/wp21\/wp-content\/uploads\/2025\/09\/Marc-Villanova-Limen-Festival-Speculum-Artium-2025.jpg\" alt=\"\" class=\"wp-image-4944\" srcset=\"https:\/\/speculumartium.si\/wp21\/wp-content\/uploads\/2025\/09\/Marc-Villanova-Limen-Festival-Speculum-Artium-2025.jpg 750w, https:\/\/speculumartium.si\/wp21\/wp-content\/uploads\/2025\/09\/Marc-Villanova-Limen-Festival-Speculum-Artium-2025-300x200.jpg 300w\" sizes=\"auto, (max-width: 750px) 100vw, 750px\" \/><button\n\t\t\tclass=\"lightbox-trigger\"\n\t\t\ttype=\"button\"\n\t\t\taria-haspopup=\"dialog\"\n\t\t\taria-label=\"Pove\u010daj\"\n\t\t\tdata-wp-init=\"callbacks.initTriggerButton\"\n\t\t\tdata-wp-on--click=\"actions.showLightbox\"\n\t\t\tdata-wp-style--right=\"state.imageButtonRight\"\n\t\t\tdata-wp-style--top=\"state.imageButtonTop\"\n\t\t>\n\t\t\t<svg xmlns=\"http:\/\/www.w3.org\/2000\/svg\" width=\"12\" height=\"12\" fill=\"none\" viewBox=\"0 0 12 12\">\n\t\t\t\t<path fill=\"#fff\" d=\"M2 0a2 2 0 0 0-2 2v2h1.5V2a.5.5 0 0 1 .5-.5h2V0H2Zm2 10.5H2a.5.5 0 0 1-.5-.5V8H0v2a2 2 0 0 0 2 2h2v-1.5ZM8 12v-1.5h2a.5.5 0 0 0 .5-.5V8H12v2a2 2 0 0 1-2 2H8Zm2-12a2 2 0 0 1 2 2v2h-1.5V2a.5.5 0 0 0-.5-.5H8V0h2Z\" \/>\n\t\t\t<\/svg>\n\t\t<\/button><figcaption class=\"wp-element-caption\">Marc Villanova: Limen<\/figcaption><\/figure>\n<\/figure>\n\n\n\n<figure class=\"wp-block-gallery has-nested-images columns-default is-cropped wp-block-gallery-3 is-layout-flex wp-block-gallery-is-layout-flex\">\n<figure data-wp-context=\"{&quot;imageId&quot;:&quot;69f66a8bc4a29&quot;}\" data-wp-interactive=\"core\/image\" data-wp-key=\"69f66a8bc4a29\" class=\"wp-block-image size-large has-lightbox wp-lightbox-container\"><img loading=\"lazy\" decoding=\"async\" width=\"1024\" height=\"683\" data-wp-class--hide=\"state.isContentHidden\" data-wp-class--show=\"state.isContentVisible\" data-wp-init=\"callbacks.setButtonStyles\" data-wp-on--click=\"actions.showLightbox\" data-wp-on--load=\"callbacks.setButtonStyles\" data-wp-on-window--resize=\"callbacks.setButtonStyles\" data-id=\"4946\" src=\"https:\/\/speculumartium.si\/wp21\/wp-content\/uploads\/2025\/09\/Simao-Costa-Ritmi-brez-bajtov-Festival-Speculum-Artium-2025-1024x683.jpg\" alt=\"\" class=\"wp-image-4946\" srcset=\"https:\/\/speculumartium.si\/wp21\/wp-content\/uploads\/2025\/09\/Simao-Costa-Ritmi-brez-bajtov-Festival-Speculum-Artium-2025-1024x683.jpg 1024w, https:\/\/speculumartium.si\/wp21\/wp-content\/uploads\/2025\/09\/Simao-Costa-Ritmi-brez-bajtov-Festival-Speculum-Artium-2025-300x200.jpg 300w, https:\/\/speculumartium.si\/wp21\/wp-content\/uploads\/2025\/09\/Simao-Costa-Ritmi-brez-bajtov-Festival-Speculum-Artium-2025-768x512.jpg 768w, https:\/\/speculumartium.si\/wp21\/wp-content\/uploads\/2025\/09\/Simao-Costa-Ritmi-brez-bajtov-Festival-Speculum-Artium-2025-1536x1024.jpg 1536w, https:\/\/speculumartium.si\/wp21\/wp-content\/uploads\/2025\/09\/Simao-Costa-Ritmi-brez-bajtov-Festival-Speculum-Artium-2025.jpg 2048w\" sizes=\"auto, (max-width: 1024px) 100vw, 1024px\" \/><button\n\t\t\tclass=\"lightbox-trigger\"\n\t\t\ttype=\"button\"\n\t\t\taria-haspopup=\"dialog\"\n\t\t\taria-label=\"Pove\u010daj\"\n\t\t\tdata-wp-init=\"callbacks.initTriggerButton\"\n\t\t\tdata-wp-on--click=\"actions.showLightbox\"\n\t\t\tdata-wp-style--right=\"state.imageButtonRight\"\n\t\t\tdata-wp-style--top=\"state.imageButtonTop\"\n\t\t>\n\t\t\t<svg xmlns=\"http:\/\/www.w3.org\/2000\/svg\" width=\"12\" height=\"12\" fill=\"none\" viewBox=\"0 0 12 12\">\n\t\t\t\t<path fill=\"#fff\" d=\"M2 0a2 2 0 0 0-2 2v2h1.5V2a.5.5 0 0 1 .5-.5h2V0H2Zm2 10.5H2a.5.5 0 0 1-.5-.5V8H0v2a2 2 0 0 0 2 2h2v-1.5ZM8 12v-1.5h2a.5.5 0 0 0 .5-.5V8H12v2a2 2 0 0 1-2 2H8Zm2-12a2 2 0 0 1 2 2v2h-1.5V2a.5.5 0 0 0-.5-.5H8V0h2Z\" \/>\n\t\t\t<\/svg>\n\t\t<\/button><figcaption class=\"wp-element-caption\">Sim\u00e3o Costa: Ritmi brez bajtov<\/figcaption><\/figure>\n\n\n\n<figure data-wp-context=\"{&quot;imageId&quot;:&quot;69f66a8bc510b&quot;}\" data-wp-interactive=\"core\/image\" data-wp-key=\"69f66a8bc510b\" class=\"wp-block-image size-large has-lightbox wp-lightbox-container\"><img loading=\"lazy\" decoding=\"async\" width=\"1024\" height=\"683\" data-wp-class--hide=\"state.isContentHidden\" data-wp-class--show=\"state.isContentVisible\" data-wp-init=\"callbacks.setButtonStyles\" data-wp-on--click=\"actions.showLightbox\" data-wp-on--load=\"callbacks.setButtonStyles\" data-wp-on-window--resize=\"callbacks.setButtonStyles\" data-id=\"3306\" src=\"https:\/\/speculumartium.si\/wp21\/wp-content\/uploads\/2023\/09\/Za-otroke-1024x683.jpeg\" alt=\"\" class=\"wp-image-3306\" srcset=\"https:\/\/speculumartium.si\/wp21\/wp-content\/uploads\/2023\/09\/Za-otroke-1024x683.jpeg 1024w, https:\/\/speculumartium.si\/wp21\/wp-content\/uploads\/2023\/09\/Za-otroke-300x200.jpeg 300w, https:\/\/speculumartium.si\/wp21\/wp-content\/uploads\/2023\/09\/Za-otroke-768x512.jpeg 768w, https:\/\/speculumartium.si\/wp21\/wp-content\/uploads\/2023\/09\/Za-otroke-600x400.jpeg 600w, https:\/\/speculumartium.si\/wp21\/wp-content\/uploads\/2023\/09\/Za-otroke.jpeg 1200w\" sizes=\"auto, (max-width: 1024px) 100vw, 1024px\" \/><button\n\t\t\tclass=\"lightbox-trigger\"\n\t\t\ttype=\"button\"\n\t\t\taria-haspopup=\"dialog\"\n\t\t\taria-label=\"Pove\u010daj\"\n\t\t\tdata-wp-init=\"callbacks.initTriggerButton\"\n\t\t\tdata-wp-on--click=\"actions.showLightbox\"\n\t\t\tdata-wp-style--right=\"state.imageButtonRight\"\n\t\t\tdata-wp-style--top=\"state.imageButtonTop\"\n\t\t>\n\t\t\t<svg xmlns=\"http:\/\/www.w3.org\/2000\/svg\" width=\"12\" height=\"12\" fill=\"none\" viewBox=\"0 0 12 12\">\n\t\t\t\t<path fill=\"#fff\" d=\"M2 0a2 2 0 0 0-2 2v2h1.5V2a.5.5 0 0 1 .5-.5h2V0H2Zm2 10.5H2a.5.5 0 0 1-.5-.5V8H0v2a2 2 0 0 0 2 2h2v-1.5ZM8 12v-1.5h2a.5.5 0 0 0 .5-.5V8H12v2a2 2 0 0 1-2 2H8Zm2-12a2 2 0 0 1 2 2v2h-1.5V2a.5.5 0 0 0-.5-.5H8V0h2Z\" \/>\n\t\t\t<\/svg>\n\t\t<\/button><\/figure>\n<\/figure>\n\n\n\n<figure class=\"wp-block-gallery has-nested-images columns-default is-cropped wp-block-gallery-4 is-layout-flex wp-block-gallery-is-layout-flex\">\n<figure data-wp-context=\"{&quot;imageId&quot;:&quot;69f66a8bc5930&quot;}\" data-wp-interactive=\"core\/image\" data-wp-key=\"69f66a8bc5930\" class=\"wp-block-image size-large has-lightbox wp-lightbox-container\"><img loading=\"lazy\" decoding=\"async\" width=\"1024\" height=\"683\" data-wp-class--hide=\"state.isContentHidden\" data-wp-class--show=\"state.isContentVisible\" data-wp-init=\"callbacks.setButtonStyles\" data-wp-on--click=\"actions.showLightbox\" data-wp-on--load=\"callbacks.setButtonStyles\" data-wp-on-window--resize=\"callbacks.setButtonStyles\" data-id=\"3304\" src=\"https:\/\/speculumartium.si\/wp21\/wp-content\/uploads\/2023\/09\/Robotka-Eva-1024x683.jpg\" alt=\"\" class=\"wp-image-3304\" srcset=\"https:\/\/speculumartium.si\/wp21\/wp-content\/uploads\/2023\/09\/Robotka-Eva-1024x683.jpg 1024w, https:\/\/speculumartium.si\/wp21\/wp-content\/uploads\/2023\/09\/Robotka-Eva-300x200.jpg 300w, https:\/\/speculumartium.si\/wp21\/wp-content\/uploads\/2023\/09\/Robotka-Eva-768x512.jpg 768w, https:\/\/speculumartium.si\/wp21\/wp-content\/uploads\/2023\/09\/Robotka-Eva-600x400.jpg 600w, https:\/\/speculumartium.si\/wp21\/wp-content\/uploads\/2023\/09\/Robotka-Eva.jpg 1200w\" sizes=\"auto, (max-width: 1024px) 100vw, 1024px\" \/><button\n\t\t\tclass=\"lightbox-trigger\"\n\t\t\ttype=\"button\"\n\t\t\taria-haspopup=\"dialog\"\n\t\t\taria-label=\"Pove\u010daj\"\n\t\t\tdata-wp-init=\"callbacks.initTriggerButton\"\n\t\t\tdata-wp-on--click=\"actions.showLightbox\"\n\t\t\tdata-wp-style--right=\"state.imageButtonRight\"\n\t\t\tdata-wp-style--top=\"state.imageButtonTop\"\n\t\t>\n\t\t\t<svg xmlns=\"http:\/\/www.w3.org\/2000\/svg\" width=\"12\" height=\"12\" fill=\"none\" viewBox=\"0 0 12 12\">\n\t\t\t\t<path fill=\"#fff\" d=\"M2 0a2 2 0 0 0-2 2v2h1.5V2a.5.5 0 0 1 .5-.5h2V0H2Zm2 10.5H2a.5.5 0 0 1-.5-.5V8H0v2a2 2 0 0 0 2 2h2v-1.5ZM8 12v-1.5h2a.5.5 0 0 0 .5-.5V8H12v2a2 2 0 0 1-2 2H8Zm2-12a2 2 0 0 1 2 2v2h-1.5V2a.5.5 0 0 0-.5-.5H8V0h2Z\" \/>\n\t\t\t<\/svg>\n\t\t<\/button><figcaption class=\"wp-element-caption\">robotka Eva<\/figcaption><\/figure>\n\n\n\n<figure data-wp-context=\"{&quot;imageId&quot;:&quot;69f66a8bc6009&quot;}\" data-wp-interactive=\"core\/image\" data-wp-key=\"69f66a8bc6009\" class=\"wp-block-image size-large has-lightbox wp-lightbox-container\"><img loading=\"lazy\" decoding=\"async\" width=\"768\" height=\"1024\" data-wp-class--hide=\"state.isContentHidden\" data-wp-class--show=\"state.isContentVisible\" data-wp-init=\"callbacks.setButtonStyles\" data-wp-on--click=\"actions.showLightbox\" data-wp-on--load=\"callbacks.setButtonStyles\" data-wp-on-window--resize=\"callbacks.setButtonStyles\" data-id=\"4948\" src=\"https:\/\/speculumartium.si\/wp21\/wp-content\/uploads\/2025\/09\/Masa-Jazbec-Katapult-robotika-Kreativna-in-DIY-robotika-Festival-Speculum-Artium-2025-768x1024.jpg\" alt=\"\" class=\"wp-image-4948\" srcset=\"https:\/\/speculumartium.si\/wp21\/wp-content\/uploads\/2025\/09\/Masa-Jazbec-Katapult-robotika-Kreativna-in-DIY-robotika-Festival-Speculum-Artium-2025-768x1024.jpg 768w, https:\/\/speculumartium.si\/wp21\/wp-content\/uploads\/2025\/09\/Masa-Jazbec-Katapult-robotika-Kreativna-in-DIY-robotika-Festival-Speculum-Artium-2025-225x300.jpg 225w, https:\/\/speculumartium.si\/wp21\/wp-content\/uploads\/2025\/09\/Masa-Jazbec-Katapult-robotika-Kreativna-in-DIY-robotika-Festival-Speculum-Artium-2025-1152x1536.jpg 1152w, https:\/\/speculumartium.si\/wp21\/wp-content\/uploads\/2025\/09\/Masa-Jazbec-Katapult-robotika-Kreativna-in-DIY-robotika-Festival-Speculum-Artium-2025-1536x2048.jpg 1536w, https:\/\/speculumartium.si\/wp21\/wp-content\/uploads\/2025\/09\/Masa-Jazbec-Katapult-robotika-Kreativna-in-DIY-robotika-Festival-Speculum-Artium-2025-scaled.jpg 1920w\" sizes=\"auto, (max-width: 768px) 100vw, 768px\" \/><button\n\t\t\tclass=\"lightbox-trigger\"\n\t\t\ttype=\"button\"\n\t\t\taria-haspopup=\"dialog\"\n\t\t\taria-label=\"Pove\u010daj\"\n\t\t\tdata-wp-init=\"callbacks.initTriggerButton\"\n\t\t\tdata-wp-on--click=\"actions.showLightbox\"\n\t\t\tdata-wp-style--right=\"state.imageButtonRight\"\n\t\t\tdata-wp-style--top=\"state.imageButtonTop\"\n\t\t>\n\t\t\t<svg xmlns=\"http:\/\/www.w3.org\/2000\/svg\" width=\"12\" height=\"12\" fill=\"none\" viewBox=\"0 0 12 12\">\n\t\t\t\t<path fill=\"#fff\" d=\"M2 0a2 2 0 0 0-2 2v2h1.5V2a.5.5 0 0 1 .5-.5h2V0H2Zm2 10.5H2a.5.5 0 0 1-.5-.5V8H0v2a2 2 0 0 0 2 2h2v-1.5ZM8 12v-1.5h2a.5.5 0 0 0 .5-.5V8H12v2a2 2 0 0 1-2 2H8Zm2-12a2 2 0 0 1 2 2v2h-1.5V2a.5.5 0 0 0-.5-.5H8V0h2Z\" \/>\n\t\t\t<\/svg>\n\t\t<\/button><figcaption class=\"wp-element-caption\">Ma\u0161a Jazbec, Katapult robotika: Kreativna in DIY robotika<\/figcaption><\/figure>\n<\/figure>\n\n\n\n<figure class=\"wp-block-gallery has-nested-images columns-default is-cropped wp-block-gallery-5 is-layout-flex wp-block-gallery-is-layout-flex\">\n<figure data-wp-context=\"{&quot;imageId&quot;:&quot;69f66a8bc6879&quot;}\" data-wp-interactive=\"core\/image\" data-wp-key=\"69f66a8bc6879\" class=\"wp-block-image size-large has-lightbox wp-lightbox-container\"><img loading=\"lazy\" decoding=\"async\" width=\"1024\" height=\"576\" data-wp-class--hide=\"state.isContentHidden\" data-wp-class--show=\"state.isContentVisible\" data-wp-init=\"callbacks.setButtonStyles\" data-wp-on--click=\"actions.showLightbox\" data-wp-on--load=\"callbacks.setButtonStyles\" data-wp-on-window--resize=\"callbacks.setButtonStyles\" data-id=\"4950\" src=\"https:\/\/speculumartium.si\/wp21\/wp-content\/uploads\/2025\/09\/Jasna-hribernik-Krvo-tek-Festival-Speculum-Artium-2025-1024x576.jpeg\" alt=\"\" class=\"wp-image-4950\" srcset=\"https:\/\/speculumartium.si\/wp21\/wp-content\/uploads\/2025\/09\/Jasna-hribernik-Krvo-tek-Festival-Speculum-Artium-2025-1024x576.jpeg 1024w, https:\/\/speculumartium.si\/wp21\/wp-content\/uploads\/2025\/09\/Jasna-hribernik-Krvo-tek-Festival-Speculum-Artium-2025-300x169.jpeg 300w, https:\/\/speculumartium.si\/wp21\/wp-content\/uploads\/2025\/09\/Jasna-hribernik-Krvo-tek-Festival-Speculum-Artium-2025-768x432.jpeg 768w, https:\/\/speculumartium.si\/wp21\/wp-content\/uploads\/2025\/09\/Jasna-hribernik-Krvo-tek-Festival-Speculum-Artium-2025-1536x864.jpeg 1536w, https:\/\/speculumartium.si\/wp21\/wp-content\/uploads\/2025\/09\/Jasna-hribernik-Krvo-tek-Festival-Speculum-Artium-2025-2048x1152.jpeg 2048w, https:\/\/speculumartium.si\/wp21\/wp-content\/uploads\/2025\/09\/Jasna-hribernik-Krvo-tek-Festival-Speculum-Artium-2025-640x360.jpeg 640w\" sizes=\"auto, (max-width: 1024px) 100vw, 1024px\" \/><button\n\t\t\tclass=\"lightbox-trigger\"\n\t\t\ttype=\"button\"\n\t\t\taria-haspopup=\"dialog\"\n\t\t\taria-label=\"Pove\u010daj\"\n\t\t\tdata-wp-init=\"callbacks.initTriggerButton\"\n\t\t\tdata-wp-on--click=\"actions.showLightbox\"\n\t\t\tdata-wp-style--right=\"state.imageButtonRight\"\n\t\t\tdata-wp-style--top=\"state.imageButtonTop\"\n\t\t>\n\t\t\t<svg xmlns=\"http:\/\/www.w3.org\/2000\/svg\" width=\"12\" height=\"12\" fill=\"none\" viewBox=\"0 0 12 12\">\n\t\t\t\t<path fill=\"#fff\" d=\"M2 0a2 2 0 0 0-2 2v2h1.5V2a.5.5 0 0 1 .5-.5h2V0H2Zm2 10.5H2a.5.5 0 0 1-.5-.5V8H0v2a2 2 0 0 0 2 2h2v-1.5ZM8 12v-1.5h2a.5.5 0 0 0 .5-.5V8H12v2a2 2 0 0 1-2 2H8Zm2-12a2 2 0 0 1 2 2v2h-1.5V2a.5.5 0 0 0-.5-.5H8V0h2Z\" \/>\n\t\t\t<\/svg>\n\t\t<\/button><figcaption class=\"wp-element-caption\">Jasna Hribernik: Krvo-tek<\/figcaption><\/figure>\n\n\n\n<figure data-wp-context=\"{&quot;imageId&quot;:&quot;69f66a8bc6f65&quot;}\" data-wp-interactive=\"core\/image\" data-wp-key=\"69f66a8bc6f65\" class=\"wp-block-image size-large has-lightbox wp-lightbox-container\"><img loading=\"lazy\" decoding=\"async\" width=\"1024\" height=\"576\" data-wp-class--hide=\"state.isContentHidden\" data-wp-class--show=\"state.isContentVisible\" data-wp-init=\"callbacks.setButtonStyles\" data-wp-on--click=\"actions.showLightbox\" data-wp-on--load=\"callbacks.setButtonStyles\" data-wp-on-window--resize=\"callbacks.setButtonStyles\" data-id=\"4952\" src=\"https:\/\/speculumartium.si\/wp21\/wp-content\/uploads\/2025\/09\/Xin-Wen-in-JJ-Agcaoili-Biti-oseba-Festival-Speculum-Artium-2025-1024x576.png\" alt=\"\" class=\"wp-image-4952\" srcset=\"https:\/\/speculumartium.si\/wp21\/wp-content\/uploads\/2025\/09\/Xin-Wen-in-JJ-Agcaoili-Biti-oseba-Festival-Speculum-Artium-2025-1024x576.png 1024w, https:\/\/speculumartium.si\/wp21\/wp-content\/uploads\/2025\/09\/Xin-Wen-in-JJ-Agcaoili-Biti-oseba-Festival-Speculum-Artium-2025-300x169.png 300w, https:\/\/speculumartium.si\/wp21\/wp-content\/uploads\/2025\/09\/Xin-Wen-in-JJ-Agcaoili-Biti-oseba-Festival-Speculum-Artium-2025-768x432.png 768w, https:\/\/speculumartium.si\/wp21\/wp-content\/uploads\/2025\/09\/Xin-Wen-in-JJ-Agcaoili-Biti-oseba-Festival-Speculum-Artium-2025-1536x864.png 1536w, https:\/\/speculumartium.si\/wp21\/wp-content\/uploads\/2025\/09\/Xin-Wen-in-JJ-Agcaoili-Biti-oseba-Festival-Speculum-Artium-2025-2048x1152.png 2048w, https:\/\/speculumartium.si\/wp21\/wp-content\/uploads\/2025\/09\/Xin-Wen-in-JJ-Agcaoili-Biti-oseba-Festival-Speculum-Artium-2025-640x360.png 640w\" sizes=\"auto, (max-width: 1024px) 100vw, 1024px\" \/><button\n\t\t\tclass=\"lightbox-trigger\"\n\t\t\ttype=\"button\"\n\t\t\taria-haspopup=\"dialog\"\n\t\t\taria-label=\"Pove\u010daj\"\n\t\t\tdata-wp-init=\"callbacks.initTriggerButton\"\n\t\t\tdata-wp-on--click=\"actions.showLightbox\"\n\t\t\tdata-wp-style--right=\"state.imageButtonRight\"\n\t\t\tdata-wp-style--top=\"state.imageButtonTop\"\n\t\t>\n\t\t\t<svg xmlns=\"http:\/\/www.w3.org\/2000\/svg\" width=\"12\" height=\"12\" fill=\"none\" viewBox=\"0 0 12 12\">\n\t\t\t\t<path fill=\"#fff\" d=\"M2 0a2 2 0 0 0-2 2v2h1.5V2a.5.5 0 0 1 .5-.5h2V0H2Zm2 10.5H2a.5.5 0 0 1-.5-.5V8H0v2a2 2 0 0 0 2 2h2v-1.5ZM8 12v-1.5h2a.5.5 0 0 0 .5-.5V8H12v2a2 2 0 0 1-2 2H8Zm2-12a2 2 0 0 1 2 2v2h-1.5V2a.5.5 0 0 0-.5-.5H8V0h2Z\" \/>\n\t\t\t<\/svg>\n\t\t<\/button><figcaption class=\"wp-element-caption\">Xin Wen in JJ Agcaoili: Biti oseba<\/figcaption><\/figure>\n<\/figure>\n\n\n\n<div style=\"height:50px\" aria-hidden=\"true\" class=\"wp-block-spacer\"><\/div>\n<\/div>\n\n\n<h3>Kontakt:<\/h3>\n<p><strong>Anja Dole\u017ealek \u0160krabar<\/strong><br \/>Odnosi z javnostjo in promocija<\/p>\n<p>Telefonska \u0161tevilka: 051 626 296<br \/>E-naslov: anja@dd-trbovlje.si<\/p>","protected":false},"excerpt":{"rendered":"<p>Fotografije: Prenesi vse fotografije. Kontakt: Anja Dole\u017ealek \u0160krabarOdnosi z javnostjo in promocija Telefonska \u0161tevilka: 051 626 296E-naslov: anja@dd-trbovlje.si<\/p>\n","protected":false},"author":3,"featured_media":0,"parent":0,"menu_order":0,"comment_status":"closed","ping_status":"closed","template":"","meta":{"_coblocks_attr":"","_coblocks_dimensions":"","_coblocks_responsive_height":"","_coblocks_accordion_ie_support":"","avtor_projekta":"","_themeisle_gutenberg_block_has_review":false,"footnotes":""},"class_list":["post-2326","page","type-page","status-publish","hentry"],"_links":{"self":[{"href":"https:\/\/speculumartium.si\/wp21\/wp-json\/wp\/v2\/pages\/2326","targetHints":{"allow":["GET"]}}],"collection":[{"href":"https:\/\/speculumartium.si\/wp21\/wp-json\/wp\/v2\/pages"}],"about":[{"href":"https:\/\/speculumartium.si\/wp21\/wp-json\/wp\/v2\/types\/page"}],"author":[{"embeddable":true,"href":"https:\/\/speculumartium.si\/wp21\/wp-json\/wp\/v2\/users\/3"}],"replies":[{"embeddable":true,"href":"https:\/\/speculumartium.si\/wp21\/wp-json\/wp\/v2\/comments?post=2326"}],"version-history":[{"count":18,"href":"https:\/\/speculumartium.si\/wp21\/wp-json\/wp\/v2\/pages\/2326\/revisions"}],"predecessor-version":[{"id":4960,"href":"https:\/\/speculumartium.si\/wp21\/wp-json\/wp\/v2\/pages\/2326\/revisions\/4960"}],"wp:attachment":[{"href":"https:\/\/speculumartium.si\/wp21\/wp-json\/wp\/v2\/media?parent=2326"}],"curies":[{"name":"wp","href":"https:\/\/api.w.org\/{rel}","templated":true}]}}