{"id":2799,"date":"2023-06-08T13:20:48","date_gmt":"2023-06-08T13:20:48","guid":{"rendered":"https:\/\/speculumartium.si\/wp21\/?page_id=2799"},"modified":"2023-06-08T13:21:39","modified_gmt":"2023-06-08T13:21:39","slug":"izjava-o-dostopnosti-2","status":"publish","type":"page","link":"https:\/\/speculumartium.si\/wp21\/izjava-o-dostopnosti-2\/","title":{"rendered":"Izjava o dostopnosti"},"content":{"rendered":"\n<div class=\"wp-block-group alignwide is-layout-flow wp-block-group-is-layout-flow\">\n<p>Ta izjava o dostopnosti se nana\u0161a na spletno stran <a href=\"https:\/\/speculumartium.si\/\">https:\/\/speculumartium.si\/<\/a>. Zavezujemo se omogo\u010dati dostopnost na\u0161e spletne strani v skladu z Zakonom o dostopnosti spleti\u0161\u010d in mobilnih aplikacij (Uradni list RS, \u0161t. 30\/18).<\/p>\n\n\n\n<p>Za zagotavljanje zahtev glede dostopnosti so bile sistemsko zagotovljene nekatere prilagoditve na\u0161e spletne strani, kot so:<\/p>\n\n\n\n<p>\u2013 odzivno oblikovanje (prilagajanje postavitve vsebine lo\u010dljivosti zaslona),<\/p>\n\n\n\n<p>\u2013 ustrezni barvni kontrasti (med besedilom in ozadjem),<\/p>\n\n\n\n<p>\u2013 predvidljivo delovanje spleti\u0161\u010da,<\/p>\n\n\n\n<p>\u2013 omogo\u010deno je opremljanje slik z nadomestnim besedilom,<\/p>\n\n\n\n<p>\u2013 omogo\u010deno je prilagajanje barvne sheme spletne strani,<\/p>\n\n\n\n<p>\u2013 omogo\u010dena je uporaba razli\u010dnih ravni naslovov,<\/p>\n\n\n\n<p>\u2013 navigacija po glavnem meniju je mogo\u010da brez mi\u0161ke, z uporabo tipk na tipkovnici ,<\/p>\n\n\n\n<p>\u2013 omogo\u010deno je pove\u010danje velikosti pisave oziroma celotne spletne strani,<\/p>\n\n\n\n<p>\u2013 z ustreznimi napravami (ra\u010dunalni\u0161kimi dodatki) je mogo\u010de vsebino spletne strani prebrati z Braillovo pisavo.<br>Stopnja skladnosti<\/p>\n\n\n\n<p>Spletna stran<a href=\"https:\/\/speculumartium.si\/.\"> https:\/\/dd-trbovlje.si\/ <\/a>je delno skladna z Zakonom o dostopnosti spleti\u0161\u010d in mobilnih aplikacij zaradi spodaj navedenih izjem.<\/p>\n\n\n\n<p>Dostopnost spletne strani spremljamo in sproti izbolj\u0161ujemo posamezne elemente dostopnosti. Kljub temu nekatere objavljene vsebine ne izpolnjujejo vseh zahtev glede dostopnosti. Primeri takih vsebin so: skenirani dokumenti v PDF obliki zapisa, programsko generirani dokumenti (npr. letna poro\u010dila), organigrami, pri \u010demer pa vam omogo\u010damo, da se lahko s temi dokumenti seznanite na drug na\u010din (lahko nam pi\u0161ete po po\u0161ti ali preko e-po\u0161te, kontaktni podatki so navedeni v nadaljevanju).<br>Dostopnost na\u0161e spletne strani sproti izbolj\u0161ujemo in te\u017eimo k skladnosti z Zakonom o dostopnosti spleti\u0161\u010d in mobilnih aplikacij oziroma z mednarodnimi smernicami za dostopnost spletnih vsebin (standard WCAG 2.0).<\/p>\n\n\n\n<p>Ta izjava je bila pripravljena dne 8. 6. 2023 na podlagi samoocene.<br>Povratne in kontaktne informacije<\/p>\n\n\n\n<p>Zaradi pogostih posodobitev vsebin lahko obiskovalci pri brskanju po spletni strani kljub prizadevanjem, da bi bila \u010dim bolj dostopna in uporabnikom prijazna, ob\u010dasno naletijo na te\u017eave z dostopnostjo.<\/p>\n\n\n\n<p>Obvestilo o morebitnih primerih neskladnosti objav z dolo\u010dili Zakona o dostopnosti spleti\u0161\u010d in mobilnih aplikacij in zahteve po posredovanju informacij v dostopni obliki nam lahko po\u0161ljete po navadni ali elektronski po\u0161ti na naslov javnega zavoda <a href=\"mailto:info@dd-trbovlje.si\">info@dd-trbovlje.si<\/a><\/p>\n\n\n\n<p>Na obvestilo ali pro\u0161njo vam bomo odgovorili v osmih dneh od prejema. \u010ce glede na zahtevano vsebino v tem roku ne moremo podati ustreznega odgovora, vam bomo v tem roku sporo\u010dili, kdaj bomo podali odgovor, in zamudo ustrezno utemeljili.<\/p>\n\n\n\n<p>V primeru, da ugotovite odstopanja od dolo\u010dil Zakona o dostopnosti spleti\u0161\u010d in mobilnih aplikacij, lahko podate prijavo in\u0161pektorjem za informacijsko dru\u017ebo po navadni ali elektronski po\u0161ti na naslov:<\/p>\n\n\n\n<p>Uprava Republike Slovenije za informacijsko varnost<\/p>\n\n\n\n<p>MINISTRSTVO ZA JAVNO UPRAVO<br>Tr\u017ea\u0161ka cesta 21<br>1000 Ljubljana<br>01 478 47 78<br>gp.uiv@gov.si<\/p>\n<\/div>\n","protected":false},"excerpt":{"rendered":"<p>Ta izjava o dostopnosti se nana\u0161a na spletno stran https:\/\/speculumartium.si\/. Zavezujemo se omogo\u010dati dostopnost na\u0161e spletne strani v skladu z Zakonom o dostopnosti spleti\u0161\u010d in mobilnih aplikacij (Uradni list RS, \u0161t. 30\/18). Za zagotavljanje zahtev glede dostopnosti so bile sistemsko zagotovljene nekatere prilagoditve na\u0161e spletne strani, kot so: \u2013 odzivno oblikovanje (prilagajanje postavitve vsebine lo\u010dljivosti [&hellip;]<\/p>\n","protected":false},"author":1,"featured_media":0,"parent":0,"menu_order":0,"comment_status":"closed","ping_status":"closed","template":"","meta":{"_coblocks_attr":"","_coblocks_dimensions":"","_coblocks_responsive_height":"","_coblocks_accordion_ie_support":"","avtor_projekta":"","_themeisle_gutenberg_block_has_review":false,"footnotes":""},"class_list":["post-2799","page","type-page","status-publish","hentry"],"_links":{"self":[{"href":"https:\/\/speculumartium.si\/wp21\/wp-json\/wp\/v2\/pages\/2799","targetHints":{"allow":["GET"]}}],"collection":[{"href":"https:\/\/speculumartium.si\/wp21\/wp-json\/wp\/v2\/pages"}],"about":[{"href":"https:\/\/speculumartium.si\/wp21\/wp-json\/wp\/v2\/types\/page"}],"author":[{"embeddable":true,"href":"https:\/\/speculumartium.si\/wp21\/wp-json\/wp\/v2\/users\/1"}],"replies":[{"embeddable":true,"href":"https:\/\/speculumartium.si\/wp21\/wp-json\/wp\/v2\/comments?post=2799"}],"version-history":[{"count":2,"href":"https:\/\/speculumartium.si\/wp21\/wp-json\/wp\/v2\/pages\/2799\/revisions"}],"predecessor-version":[{"id":2801,"href":"https:\/\/speculumartium.si\/wp21\/wp-json\/wp\/v2\/pages\/2799\/revisions\/2801"}],"wp:attachment":[{"href":"https:\/\/speculumartium.si\/wp21\/wp-json\/wp\/v2\/media?parent=2799"}],"curies":[{"name":"wp","href":"https:\/\/api.w.org\/{rel}","templated":true}]}}