{"id":2903,"date":"2023-06-24T12:53:03","date_gmt":"2023-06-24T12:53:03","guid":{"rendered":"https:\/\/speculumartium.si\/wp21\/za-medije-copy\/"},"modified":"2023-07-04T09:51:03","modified_gmt":"2023-07-04T09:51:03","slug":"za-sole","status":"publish","type":"page","link":"https:\/\/speculumartium.si\/wp21\/za-sole\/","title":{"rendered":"Za \u0161ole"},"content":{"rendered":"\n<div class=\"wp-block-group alignwide is-layout-flow wp-block-group-is-layout-flow\">\n<p>Spo\u0161tovani u\u010ditelji in mentorji.<\/p>\n\n\n\n<p>V \u010dasu, ko smo s tehnologijo in elektronskimi napravami obdani od zgodnjega otro\u0161tva, je prepovedovanje njihove uporabe podobno boju z mlini na veter. Namesto omejevanja u\u010dencem in dijakom raje poka\u017eimo, kako lahko sodobno tehnologijo uporabimo za spodbujanje ustvarjalnosti, \u0161irjenje znanja in razvijanje posluha za so\u010dloveka. Hitri tehnolo\u0161ki razvoj je na\u0161a realnosti. Na\u0161a odlo\u010ditev je, kako ga bomo uporabili.<\/p>\n\n\n\n<p>Na festivalu Speculum Artium sodobno tehnologijo povezujemo z umetnostjo in mehkimi humanisti\u010dnimi pristopi, predvsem pa jo pribli\u017eamo mladim, jih spodbujamo k aktivni udele\u017ebi in razmi\u0161ljanju o vsebinah, ki se nam pogosto zdijo samoumevne.<\/p>\n\n\n\n<p>Za \u0161olske skupine pripravljamo vodene oglede festivala, na katerem svoja dela predstavljajo mednarodno priznani umetniki in znanstveniki, ter intermedijske delavnice, na katerih novo znanje pridobivamo skozi prakti\u010dno delo.<\/p>\n\n\n\n<p>Vabimo vas, da z nami odkrivate neverjetne potenciale, ki nam jih ponuja prihodnost.<\/p>\n\n\n\n<figure class=\"wp-block-gallery has-nested-images columns-default is-cropped wp-block-gallery-1 is-layout-flex wp-block-gallery-is-layout-flex\">\n<figure class=\"wp-block-image size-large\"><img loading=\"lazy\" decoding=\"async\" width=\"500\" height=\"752\" data-id=\"2915\" src=\"https:\/\/speculumartium.si\/wp21\/wp-content\/uploads\/2023\/06\/Festival-Speculum-Artium-06.jpg\" alt=\"\" class=\"wp-image-2915\" srcset=\"https:\/\/speculumartium.si\/wp21\/wp-content\/uploads\/2023\/06\/Festival-Speculum-Artium-06.jpg 500w, https:\/\/speculumartium.si\/wp21\/wp-content\/uploads\/2023\/06\/Festival-Speculum-Artium-06-199x300.jpg 199w\" sizes=\"auto, (max-width: 500px) 100vw, 500px\" \/><\/figure>\n\n\n\n<figure class=\"wp-block-image size-large\"><img loading=\"lazy\" decoding=\"async\" width=\"500\" height=\"752\" data-id=\"2917\" src=\"https:\/\/speculumartium.si\/wp21\/wp-content\/uploads\/2023\/06\/Festival-Speculum-Artium-07.jpg\" alt=\"\" class=\"wp-image-2917\" srcset=\"https:\/\/speculumartium.si\/wp21\/wp-content\/uploads\/2023\/06\/Festival-Speculum-Artium-07.jpg 500w, https:\/\/speculumartium.si\/wp21\/wp-content\/uploads\/2023\/06\/Festival-Speculum-Artium-07-199x300.jpg 199w\" sizes=\"auto, (max-width: 500px) 100vw, 500px\" \/><\/figure>\n<\/figure>\n\n\n\n<div style=\"height:20px\" aria-hidden=\"true\" class=\"wp-block-spacer\"><\/div>\n\n\n\n<p><strong>Vodeni ogledi:<\/strong><br>Vodeni ogledi so brezpla\u010dni.<br>Potrebna je predhodna rezervacija.<br>Ogled traja pribli\u017eno 45 do 60 minut oziroma po dogovoru.<\/p>\n\n\n\n<p><strong>Delavnice:<\/strong><br>Cena delavnice zna\u0161a 4 evre na udele\u017eenca. <br>Potrebna je predhodna rezervacija.<\/p>\n\n\n\n<div style=\"height:20px\" aria-hidden=\"true\" class=\"wp-block-spacer\"><\/div>\n\n\n\n<figure class=\"wp-block-gallery has-nested-images columns-default is-cropped wp-block-gallery-2 is-layout-flex wp-block-gallery-is-layout-flex\">\n<figure class=\"wp-block-image size-large\"><img loading=\"lazy\" decoding=\"async\" width=\"1024\" height=\"681\" data-id=\"2923\" src=\"https:\/\/speculumartium.si\/wp21\/wp-content\/uploads\/2023\/06\/Festival-Speculum-Artium-04-1024x681.webp\" alt=\"\" class=\"wp-image-2923\" srcset=\"https:\/\/speculumartium.si\/wp21\/wp-content\/uploads\/2023\/06\/Festival-Speculum-Artium-04-1024x681.webp 1024w, https:\/\/speculumartium.si\/wp21\/wp-content\/uploads\/2023\/06\/Festival-Speculum-Artium-04-300x199.webp 300w, https:\/\/speculumartium.si\/wp21\/wp-content\/uploads\/2023\/06\/Festival-Speculum-Artium-04-768x510.webp 768w, https:\/\/speculumartium.si\/wp21\/wp-content\/uploads\/2023\/06\/Festival-Speculum-Artium-04-1536x1021.webp 1536w, https:\/\/speculumartium.si\/wp21\/wp-content\/uploads\/2023\/06\/Festival-Speculum-Artium-04-600x400.webp 600w, https:\/\/speculumartium.si\/wp21\/wp-content\/uploads\/2023\/06\/Festival-Speculum-Artium-04.webp 1625w\" sizes=\"auto, (max-width: 1024px) 100vw, 1024px\" \/><\/figure>\n\n\n\n<figure class=\"wp-block-image size-large\"><img loading=\"lazy\" decoding=\"async\" width=\"1024\" height=\"681\" data-id=\"2925\" src=\"https:\/\/speculumartium.si\/wp21\/wp-content\/uploads\/2023\/06\/Festival-Speculum-Artium-05-1024x681.webp\" alt=\"\" class=\"wp-image-2925\" srcset=\"https:\/\/speculumartium.si\/wp21\/wp-content\/uploads\/2023\/06\/Festival-Speculum-Artium-05-1024x681.webp 1024w, https:\/\/speculumartium.si\/wp21\/wp-content\/uploads\/2023\/06\/Festival-Speculum-Artium-05-300x199.webp 300w, https:\/\/speculumartium.si\/wp21\/wp-content\/uploads\/2023\/06\/Festival-Speculum-Artium-05-768x510.webp 768w, https:\/\/speculumartium.si\/wp21\/wp-content\/uploads\/2023\/06\/Festival-Speculum-Artium-05-1536x1021.webp 1536w, https:\/\/speculumartium.si\/wp21\/wp-content\/uploads\/2023\/06\/Festival-Speculum-Artium-05-600x400.webp 600w, https:\/\/speculumartium.si\/wp21\/wp-content\/uploads\/2023\/06\/Festival-Speculum-Artium-05.webp 1625w\" sizes=\"auto, (max-width: 1024px) 100vw, 1024px\" \/><\/figure>\n\n\n\n<figure class=\"wp-block-image size-large\"><img loading=\"lazy\" decoding=\"async\" width=\"1024\" height=\"681\" data-id=\"2921\" src=\"https:\/\/speculumartium.si\/wp21\/wp-content\/uploads\/2023\/06\/Festival-Speculum-Artium-03-1024x681.webp\" alt=\"\" class=\"wp-image-2921\" srcset=\"https:\/\/speculumartium.si\/wp21\/wp-content\/uploads\/2023\/06\/Festival-Speculum-Artium-03-1024x681.webp 1024w, https:\/\/speculumartium.si\/wp21\/wp-content\/uploads\/2023\/06\/Festival-Speculum-Artium-03-300x199.webp 300w, https:\/\/speculumartium.si\/wp21\/wp-content\/uploads\/2023\/06\/Festival-Speculum-Artium-03-768x510.webp 768w, https:\/\/speculumartium.si\/wp21\/wp-content\/uploads\/2023\/06\/Festival-Speculum-Artium-03-1536x1021.webp 1536w, https:\/\/speculumartium.si\/wp21\/wp-content\/uploads\/2023\/06\/Festival-Speculum-Artium-03-600x400.webp 600w, https:\/\/speculumartium.si\/wp21\/wp-content\/uploads\/2023\/06\/Festival-Speculum-Artium-03.webp 1625w\" sizes=\"auto, (max-width: 1024px) 100vw, 1024px\" \/><\/figure>\n\n\n\n<figure class=\"wp-block-image size-large\"><img loading=\"lazy\" decoding=\"async\" width=\"1024\" height=\"680\" data-id=\"2919\" src=\"https:\/\/speculumartium.si\/wp21\/wp-content\/uploads\/2023\/06\/Festival-Speculum-Artium-01-1024x680.webp\" alt=\"\" class=\"wp-image-2919\" srcset=\"https:\/\/speculumartium.si\/wp21\/wp-content\/uploads\/2023\/06\/Festival-Speculum-Artium-01-1024x680.webp 1024w, https:\/\/speculumartium.si\/wp21\/wp-content\/uploads\/2023\/06\/Festival-Speculum-Artium-01-300x199.webp 300w, https:\/\/speculumartium.si\/wp21\/wp-content\/uploads\/2023\/06\/Festival-Speculum-Artium-01-768x510.webp 768w, https:\/\/speculumartium.si\/wp21\/wp-content\/uploads\/2023\/06\/Festival-Speculum-Artium-01-1536x1020.webp 1536w, https:\/\/speculumartium.si\/wp21\/wp-content\/uploads\/2023\/06\/Festival-Speculum-Artium-01.webp 1626w\" sizes=\"auto, (max-width: 1024px) 100vw, 1024px\" \/><\/figure>\n<\/figure>\n\n\n\n<div style=\"color:#ddd\" class=\"wp-block-genesis-blocks-gb-spacer gb-block-spacer gb-divider-solid gb-divider-size-1\"><hr style=\"height:40px\"\/><\/div>\n\n\n\n<p><strong>Kontakt:<\/strong><\/p>\n\n\n\n<p>Za dodatne informacije in rezervacije terminov se lahko obrnete na<\/p>\n\n\n\n<p>Anja Dole\u017ealek \u0160krabar<br>telefonska \u0161tevilka: 051 626 296<br>E-naslov: anja@dd-trbovlje.si<\/p>\n<\/div>\n","protected":false},"excerpt":{"rendered":"<p>Spo\u0161tovani u\u010ditelji in mentorji. V \u010dasu, ko smo s tehnologijo in elektronskimi napravami obdani od zgodnjega otro\u0161tva, je prepovedovanje njihove uporabe podobno boju z mlini na veter. Namesto omejevanja u\u010dencem in dijakom raje poka\u017eimo, kako lahko sodobno tehnologijo uporabimo za spodbujanje ustvarjalnosti, \u0161irjenje znanja in razvijanje posluha za so\u010dloveka. Hitri tehnolo\u0161ki razvoj je na\u0161a realnosti. [&hellip;]<\/p>\n","protected":false},"author":2,"featured_media":0,"parent":0,"menu_order":0,"comment_status":"closed","ping_status":"closed","template":"","meta":{"_coblocks_attr":"","_coblocks_dimensions":"","_coblocks_responsive_height":"","_coblocks_accordion_ie_support":"","avtor_projekta":"","_themeisle_gutenberg_block_has_review":false,"footnotes":""},"class_list":["post-2903","page","type-page","status-publish","hentry"],"_links":{"self":[{"href":"https:\/\/speculumartium.si\/wp21\/wp-json\/wp\/v2\/pages\/2903","targetHints":{"allow":["GET"]}}],"collection":[{"href":"https:\/\/speculumartium.si\/wp21\/wp-json\/wp\/v2\/pages"}],"about":[{"href":"https:\/\/speculumartium.si\/wp21\/wp-json\/wp\/v2\/types\/page"}],"author":[{"embeddable":true,"href":"https:\/\/speculumartium.si\/wp21\/wp-json\/wp\/v2\/users\/2"}],"replies":[{"embeddable":true,"href":"https:\/\/speculumartium.si\/wp21\/wp-json\/wp\/v2\/comments?post=2903"}],"version-history":[{"count":5,"href":"https:\/\/speculumartium.si\/wp21\/wp-json\/wp\/v2\/pages\/2903\/revisions"}],"predecessor-version":[{"id":2943,"href":"https:\/\/speculumartium.si\/wp21\/wp-json\/wp\/v2\/pages\/2903\/revisions\/2943"}],"wp:attachment":[{"href":"https:\/\/speculumartium.si\/wp21\/wp-json\/wp\/v2\/media?parent=2903"}],"curies":[{"name":"wp","href":"https:\/\/api.w.org\/{rel}","templated":true}]}}